{"id":1517,"date":"2018-09-12T07:03:24","date_gmt":"2018-09-12T07:03:24","guid":{"rendered":"http:\/\/tedxvitoriagasteiz.com\/es\/?page_id=1517\/"},"modified":"2022-11-28T16:04:46","modified_gmt":"2022-11-28T16:04:46","slug":"acerca-de-ted-y-tedx","status":"publish","type":"page","link":"https:\/\/tedxvitoriagasteiz.com\/es\/acerca-de-ted-y-tedx\/","title":{"rendered":"Acerca de TED y TEDx"},"content":{"rendered":"<p><span style=\"color: #000000;\">TED (Tecnolog\u00eda, Entretenimiento y Dise\u00f1o) es una conferencia anual que se realiza en Vancouver (Canad\u00e1) que re\u00fane a las mentes m\u00e1s brillantes de nuestra generaci\u00f3n para que compartan sus ideas con una audiencia selecta de personas con la mente abierta. El programa se basa en temas variados. Estas \u201cCharlas TED\u201d luego se ponen online a disposici\u00f3n del p\u00fablico y de forma gratuita, para que esas ideas se puedan difundir en el mundo.<\/span><\/p>\n<p><span style=\"color: #000000;\">El programa TEDx (x= TED organizado de forma independiente) se cre\u00f3 siguiendo el esp\u00edritu de la misi\u00f3n de TED, \u201cideas que merecen ser difundidas\u201d. El programa est\u00e1 dise\u00f1ado para facilitar a las comunidades, organizaciones y personas la oportunidad de crear experiencias que se parecen a TED, de una forma local y gracias a sus propios eventos. Desde la creaci\u00f3n de este programa, ha habido m\u00e1s de 10.000 eventos TEDx que han difundido ideas alrededor del mundo en lugares como Teher\u00e1n, Tokio, Sydney y, por supuesto, Vitoria-Gasteiz.<\/span><\/p>\n<p><span style=\"color: #000000;\">TEDxVitoriaGasteiz es un evento TEDx independiente operado con licencia TED.<\/span><\/p>\n<p><span style=\"color: #000000;\">Para m\u00e1s informaci\u00f3n acerca de los pr\u00f3ximas Conferencias TED,<\/span> visita:\u00a0<a href=\"http:\/\/www.ted.com\/pages\/registration\" target=\"_blank\" rel=\"noopener\">http:\/\/www.ted.com\/pages\/registration<\/a><\/p>\n<p>Sigue a <span style=\"color: #000000;\">TED <\/span>en:<\/p>\n<p>Twitter:\u00a0<a href=\"http:\/\/twitter.com\/TEDTalks\" target=\"_blank\" rel=\"noopener\" class=\"broken_link\">http:\/\/twitter.com\/TEDTalks<\/a><br \/>\nFacebook:\u00a0<a href=\"http:\/\/www.facebook.com\/TED\" target=\"_blank\" rel=\"noopener\">http:\/\/www.facebook.com\/TED<\/a><\/p>\n","protected":false},"excerpt":{"rendered":"<p>TED (Tecnolog\u00eda, Entretenimiento y Dise\u00f1o) es una conferencia anual que se realiza en Vancouver (Canad\u00e1) que re\u00fane a las mentes m\u00e1s brillantes de nuestra generaci\u00f3n&hellip; <\/p>\n","protected":false},"author":1,"featured_media":0,"parent":0,"menu_order":0,"comment_status":"closed","ping_status":"closed","template":"","meta":{"_monsterinsights_skip_tracking":false,"_monsterinsights_sitenote_active":false,"_monsterinsights_sitenote_note":"","_monsterinsights_sitenote_category":0,"footnotes":""},"_links":{"self":[{"href":"https:\/\/tedxvitoriagasteiz.com\/es\/wp-json\/wp\/v2\/pages\/1517"}],"collection":[{"href":"https:\/\/tedxvitoriagasteiz.com\/es\/wp-json\/wp\/v2\/pages"}],"about":[{"href":"https:\/\/tedxvitoriagasteiz.com\/es\/wp-json\/wp\/v2\/types\/page"}],"author":[{"embeddable":true,"href":"https:\/\/tedxvitoriagasteiz.com\/es\/wp-json\/wp\/v2\/users\/1"}],"replies":[{"embeddable":true,"href":"https:\/\/tedxvitoriagasteiz.com\/es\/wp-json\/wp\/v2\/comments?post=1517"}],"version-history":[{"count":3,"href":"https:\/\/tedxvitoriagasteiz.com\/es\/wp-json\/wp\/v2\/pages\/1517\/revisions"}],"predecessor-version":[{"id":8378,"href":"https:\/\/tedxvitoriagasteiz.com\/es\/wp-json\/wp\/v2\/pages\/1517\/revisions\/8378"}],"wp:attachment":[{"href":"https:\/\/tedxvitoriagasteiz.com\/es\/wp-json\/wp\/v2\/media?parent=1517"}],"curies":[{"name":"wp","href":"https:\/\/api.w.org\/{rel}","templated":true}]}}